{"id":40,"date":"2017-05-16T09:36:25","date_gmt":"2017-05-16T09:36:25","guid":{"rendered":"http:\/\/localhost\/themes\/upsurge\/?page_id=40"},"modified":"2021-10-19T14:02:49","modified_gmt":"2021-10-19T12:02:49","slug":"apropos","status":"publish","type":"page","link":"http:\/\/desvies.trevora.fr\/index.php\/apropos\/","title":{"rendered":"Le projet"},"content":{"rendered":"\n<div class=\"wp-block-image\"><figure class=\"aligncenter size-large\"><img loading=\"lazy\" decoding=\"async\" width=\"1024\" height=\"255\" src=\"http:\/\/desvies.trevora.fr\/wp-content\/uploads\/2021\/10\/cropped-des-vies-logo-blanc-carre-transparent-1024x255.png\" alt=\"\" class=\"wp-image-623\" srcset=\"http:\/\/desvies.trevora.fr\/wp-content\/uploads\/2021\/10\/cropped-des-vies-logo-blanc-carre-transparent-1024x255.png 1024w, http:\/\/desvies.trevora.fr\/wp-content\/uploads\/2021\/10\/cropped-des-vies-logo-blanc-carre-transparent-300x75.png 300w, http:\/\/desvies.trevora.fr\/wp-content\/uploads\/2021\/10\/cropped-des-vies-logo-blanc-carre-transparent-768x191.png 768w, http:\/\/desvies.trevora.fr\/wp-content\/uploads\/2021\/10\/cropped-des-vies-logo-blanc-carre-transparent-750x186.png 750w, http:\/\/desvies.trevora.fr\/wp-content\/uploads\/2021\/10\/cropped-des-vies-logo-blanc-carre-transparent-540x134.png 540w, http:\/\/desvies.trevora.fr\/wp-content\/uploads\/2021\/10\/cropped-des-vies-logo-blanc-carre-transparent.png 1400w\" sizes=\"auto, (max-width: 1024px) 100vw, 1024px\" \/><\/figure><\/div>\n\n\n<h1>&nbsp;<\/h1>\n<div style=\"text-align: center;\"><span class=\"keep-text-selected\"><span data-font-weight=\"undefined\"><span class=\"\">Un voyage musical ..<\/span><\/span><\/span><span class=\"keep-text-selected\"><span data-font-weight=\"undefined\"><span class=\"\">. &nbsp;<\/span><\/span><\/span><\/div>\n<div style=\"text-align: center;\">&nbsp;<\/div>\n<div style=\"text-align: center;\"><span class=\"\">Ces m\u00e9lodies sont n\u00e9es pour se reconnecter \u00e0 notre \u00e2me. &nbsp;<\/span><\/div>\n<div style=\"text-align: center;\"><span class=\"\">Les morceaux vous emm\u00e8neront \u00e0 la d\u00e9couverte <\/span><\/div>\n<div style=\"text-align: center;\"><span class=\"\">de nouvelles terres, <\/span><\/div>\n<div style=\"text-align: center;\"><span class=\"\">d&#8217;\u00e9motions enfouies, <\/span><\/div>\n<div style=\"text-align: center;\"><span class=\"\">de civilisations perdues &#8230;<\/span><\/div>\n<div style=\"text-align: center;\"><span class=\"\">&nbsp;<\/span><\/div>\n<div style=\"text-align: center;\"><span class=\"\">Un nouveau voyage cin\u00e9matique, &nbsp;zen , pour m\u00e9diter, pour s&#8217;\u00e9vader ,&nbsp;<\/span><\/div>\n<div style=\"text-align: center;\"><span class=\"\">pour prendre un temps pour soi ..<\/span><\/div>\n<div style=\"text-align: center;\"><span class=\"\">&nbsp;<\/span><\/div>\n<div style=\"text-align: center;\"><span class=\"keep-text-selected\"><span data-font-weight=\"undefined\"><span class=\"\">Sur ce chemin musical spirituel, la musique nous lib\u00e8re.&nbsp;<\/span><\/span><\/span><\/div>\n<div style=\"text-align: center;\"><span class=\"keep-text-selected\"><span data-font-weight=\"undefined\"><span class=\"\">Entrons ensemble dans notre imaginaire&#8230;<\/span><\/span><\/span><\/div>\n<div style=\"text-align: center;\"><span class=\"keep-text-selected\"><span data-font-weight=\"undefined\"><span class=\"\">&nbsp;<\/span><\/span><\/span><\/div>\n<div style=\"text-align: center;\"><span class=\"\">#zen #meditation #spirituel #indigo<\/span><\/div>\n<p style=\"text-align: center;\">ALBUM &#8211; TOME 1 disponible sur ce<a href=\"http:\/\/www.hyperurl.co\/ape2tn\" target=\"_blank\" rel=\"noopener\"> lien&nbsp;<\/a><\/p>\n<p style=\"text-align: center;\">ALBUM &#8211; TOME 2 disponible sur ce <a href=\"http:\/\/hyperurl.co\/e2fh3k\" target=\"_blank\" rel=\"noopener\">lien&nbsp;<\/a><\/p>\n<p style=\"text-align: center;\">ALBUM &#8211; TOME 3 disponible sur ce <a href=\"http:\/\/smarturl.it\/n8sgxi\" target=\"_blank\" rel=\"noopener\">lien<\/a> .<\/p>\n<p style=\"text-align: center;\">ALBUM = RESILIENCE = sortie Le 12.02.2021. , disponible sur ce <a href=\"https:\/\/wiseband.lnk.to\/des-vies-resilience\" target=\"_blank\" rel=\"noopener\">lien<\/a>.<\/p>\n<p style=\"text-align: center;\">Suivez le projet sur Spotify<br><iframe loading=\"lazy\" style=\"border: none; overflow: hidden;\" src=\"https:\/\/open.spotify.com\/follow\/1\/?uri=spotify:artist:66JGIueCP7I5UhdiqeepJz&amp;size=detail&amp;theme=light&amp;show-count=0\" width=\"300\" height=\"56\" frameborder=\"0\" scrolling=\"no\"><\/iframe><\/p>","protected":false},"excerpt":{"rendered":"<p>&nbsp; Un voyage musical &#8230; &nbsp; &nbsp; Ces m\u00e9lodies sont n\u00e9es pour se reconnecter \u00e0 notre \u00e2me. &nbsp; Les morceaux vous emm\u00e8neront \u00e0 la d\u00e9couverte de nouvelles terres, d&#8217;\u00e9motions enfouies, de civilisations perdues &#8230; &nbsp; Un nouveau voyage cin\u00e9matique, &nbsp;zen , pour m\u00e9diter, pour s&#8217;\u00e9vader ,&nbsp; pour prendre un temps pour soi .. &nbsp; Sur [&hellip;]<\/p>\n","protected":false},"author":2,"featured_media":0,"parent":0,"menu_order":0,"comment_status":"closed","ping_status":"closed","template":"","meta":{"om_disable_all_campaigns":false,"_monsterinsights_skip_tracking":false,"_monsterinsights_sitenote_active":false,"_monsterinsights_sitenote_note":"","_monsterinsights_sitenote_category":0,"footnotes":""},"class_list":["post-40","page","type-page","status-publish","hentry"],"_links":{"self":[{"href":"http:\/\/desvies.trevora.fr\/index.php\/wp-json\/wp\/v2\/pages\/40","targetHints":{"allow":["GET"]}}],"collection":[{"href":"http:\/\/desvies.trevora.fr\/index.php\/wp-json\/wp\/v2\/pages"}],"about":[{"href":"http:\/\/desvies.trevora.fr\/index.php\/wp-json\/wp\/v2\/types\/page"}],"author":[{"embeddable":true,"href":"http:\/\/desvies.trevora.fr\/index.php\/wp-json\/wp\/v2\/users\/2"}],"replies":[{"embeddable":true,"href":"http:\/\/desvies.trevora.fr\/index.php\/wp-json\/wp\/v2\/comments?post=40"}],"version-history":[{"count":3,"href":"http:\/\/desvies.trevora.fr\/index.php\/wp-json\/wp\/v2\/pages\/40\/revisions"}],"predecessor-version":[{"id":644,"href":"http:\/\/desvies.trevora.fr\/index.php\/wp-json\/wp\/v2\/pages\/40\/revisions\/644"}],"wp:attachment":[{"href":"http:\/\/desvies.trevora.fr\/index.php\/wp-json\/wp\/v2\/media?parent=40"}],"curies":[{"name":"wp","href":"https:\/\/api.w.org\/{rel}","templated":true}]}}